{"id":10,"date":"2017-12-17T06:31:19","date_gmt":"2017-12-17T04:31:19","guid":{"rendered":"https:\/\/bazarbelehradska.cz\/?page_id=10"},"modified":"2026-01-09T12:57:00","modified_gmt":"2026-01-09T10:57:00","slug":"bazarbelehradska","status":"publish","type":"page","link":"https:\/\/bazarbelehradska.cz\/","title":{"rendered":""},"content":{"rendered":"<h1>Bazar B\u011blehradsk\u00e1<br \/>\ntel: 602 336 324<\/h1>\n<h3>Pond\u011bl\u00ed &#8211; P\u00e1tek<br \/>\n10:00 &#8211; 13:00 a 14:00 -18:00 hod<\/h3>\n<p>sobota &#8211; ned\u011ble<br \/>\nZAV\u0158ENO<\/p>\n<h2>Kategorie<\/h2>\n<style>\/*! elementor - v3.8.1 - 13-11-2022 *\/<br \/>\n.elementor-widget-divider{--divider-border-style:none;--divider-border-width:1px;--divider-color:#2c2c2c;--divider-icon-size:20px;--divider-element-spacing:10px;--divider-pattern-height:24px;--divider-pattern-size:20px;--divider-pattern-url:none;--divider-pattern-repeat:repeat-x}.elementor-widget-divider .elementor-divider{display:-webkit-box;display:-ms-flexbox;display:flex}.elementor-widget-divider .elementor-divider__text{font-size:15px;line-height:1;max-width:95%}.elementor-widget-divider .elementor-divider__element{margin:0 var(--divider-element-spacing);-ms-flex-negative:0;flex-shrink:0}.elementor-widget-divider .elementor-icon{font-size:var(--divider-icon-size)}.elementor-widget-divider .elementor-divider-separator{display:-webkit-box;display:-ms-flexbox;display:flex;margin:0;direction:ltr}.elementor-widget-divider--view-line_icon .elementor-divider-separator,.elementor-widget-divider--view-line_text .elementor-divider-separator{-webkit-box-align:center;-ms-flex-align:center;align-items:center}.elementor-widget-divider--view-line_icon .elementor-divider-separator:after,.elementor-widget-divider--view-line_icon .elementor-divider-separator:before,.elementor-widget-divider--view-line_text .elementor-divider-separator:after,.elementor-widget-divider--view-line_text .elementor-divider-separator:before{display:block;content:\"\";border-bottom:0;-webkit-box-flex:1;-ms-flex-positive:1;flex-grow:1;border-top:var(--divider-border-width) var(--divider-border-style) var(--divider-color)}.elementor-widget-divider--element-align-left .elementor-divider .elementor-divider-separator>.elementor-divider__svg:first-of-type{-webkit-box-flex:0;-ms-flex-positive:0;flex-grow:0;-ms-flex-negative:100;flex-shrink:100}.elementor-widget-divider--element-align-left .elementor-divider-separator:before{content:none}.elementor-widget-divider--element-align-left .elementor-divider__element{margin-left:0}.elementor-widget-divider--element-align-right .elementor-divider .elementor-divider-separator>.elementor-divider__svg:last-of-type{-webkit-box-flex:0;-ms-flex-positive:0;flex-grow:0;-ms-flex-negative:100;flex-shrink:100}.elementor-widget-divider--element-align-right .elementor-divider-separator:after{content:none}.elementor-widget-divider--element-align-right .elementor-divider__element{margin-right:0}.elementor-widget-divider:not(.elementor-widget-divider--view-line_text):not(.elementor-widget-divider--view-line_icon) .elementor-divider-separator{border-top:var(--divider-border-width) var(--divider-border-style) var(--divider-color)}.elementor-widget-divider--separator-type-pattern{--divider-border-style:none}.elementor-widget-divider--separator-type-pattern.elementor-widget-divider--view-line .elementor-divider-separator,.elementor-widget-divider--separator-type-pattern:not(.elementor-widget-divider--view-line) .elementor-divider-separator:after,.elementor-widget-divider--separator-type-pattern:not(.elementor-widget-divider--view-line) .elementor-divider-separator:before,.elementor-widget-divider--separator-type-pattern:not([class*=elementor-widget-divider--view]) .elementor-divider-separator{width:100%;min-height:var(--divider-pattern-height);-webkit-mask-size:var(--divider-pattern-size) 100%;mask-size:var(--divider-pattern-size) 100%;-webkit-mask-repeat:var(--divider-pattern-repeat);mask-repeat:var(--divider-pattern-repeat);background-color:var(--divider-color);-webkit-mask-image:var(--divider-pattern-url);mask-image:var(--divider-pattern-url)}.elementor-widget-divider--no-spacing{--divider-pattern-size:auto}.elementor-widget-divider--bg-round{--divider-pattern-repeat:round}.rtl .elementor-widget-divider .elementor-divider__text{direction:rtl}.e-con-inner>.elementor-widget-divider,.e-con>.elementor-widget-divider{width:var(--container-widget-width,100%)}<\/style>\n<style>\/*! elementor - v3.8.1 - 13-11-2022 *\/<br \/>\n.elementor-widget-image{text-align:center}.elementor-widget-image a{display:inline-block}.elementor-widget-image a img[src$=\".svg\"]{width:48px}.elementor-widget-image img{vertical-align:middle;display:inline-block}<\/style>\n<p><img loading=\"lazy\" decoding=\"async\" src=\"https:\/\/bazarbelehradska.cz\/wp-content\/uploads\/2022\/09\/IMG_2628-150x150.png\" sizes=\"auto, (max-width: 150px) 100vw, 150px\" srcset=\"https:\/\/bazarbelehradska.cz\/wp-content\/uploads\/2022\/09\/IMG_2628-150x150.png 150w, https:\/\/bazarbelehradska.cz\/wp-content\/uploads\/2022\/09\/IMG_2628-450x450.png 450w, https:\/\/bazarbelehradska.cz\/wp-content\/uploads\/2022\/09\/IMG_2628-100x100.png 100w\" alt=\"Hodinky\" width=\"150\" height=\"150\" \/><\/p>\n<h3 style=\"text-align: center;\"><strong>Hodinky<\/strong><\/h3>\n<p><img loading=\"lazy\" decoding=\"async\" src=\"https:\/\/bazarbelehradska.cz\/wp-content\/uploads\/2022\/09\/IMG_2638-150x150.png\" sizes=\"auto, (max-width: 150px) 100vw, 150px\" srcset=\"https:\/\/bazarbelehradska.cz\/wp-content\/uploads\/2022\/09\/IMG_2638-150x150.png 150w, https:\/\/bazarbelehradska.cz\/wp-content\/uploads\/2022\/09\/IMG_2638-450x450.png 450w, https:\/\/bazarbelehradska.cz\/wp-content\/uploads\/2022\/09\/IMG_2638-100x100.png 100w\" alt=\"\" width=\"150\" height=\"150\" \/><\/p>\n<h3 style=\"text-align: center;\"><strong>No\u017ee<\/strong><\/h3>\n<p><img loading=\"lazy\" decoding=\"async\" src=\"https:\/\/bazarbelehradska.cz\/wp-content\/uploads\/2022\/09\/IMG_2667-150x150.png\" sizes=\"auto, (max-width: 150px) 100vw, 150px\" srcset=\"https:\/\/bazarbelehradska.cz\/wp-content\/uploads\/2022\/09\/IMG_2667-150x150.png 150w, https:\/\/bazarbelehradska.cz\/wp-content\/uploads\/2022\/09\/IMG_2667-450x450.png 450w, https:\/\/bazarbelehradska.cz\/wp-content\/uploads\/2022\/09\/IMG_2667-100x100.png 100w\" alt=\"\" width=\"150\" height=\"150\" \/><\/p>\n<h3 style=\"text-align: center;\"><strong>Hry<\/strong><\/h3>\n<p><img loading=\"lazy\" decoding=\"async\" src=\"https:\/\/bazarbelehradska.cz\/wp-content\/uploads\/2022\/09\/IMG_2649-150x150.png\" sizes=\"auto, (max-width: 150px) 100vw, 150px\" srcset=\"https:\/\/bazarbelehradska.cz\/wp-content\/uploads\/2022\/09\/IMG_2649-150x150.png 150w, https:\/\/bazarbelehradska.cz\/wp-content\/uploads\/2022\/09\/IMG_2649-450x450.png 450w, https:\/\/bazarbelehradska.cz\/wp-content\/uploads\/2022\/09\/IMG_2649-100x100.png 100w\" alt=\"\" width=\"150\" height=\"150\" \/><\/p>\n<h3 style=\"text-align: center;\"><strong>Elektronika<\/strong><\/h3>\n<p><img loading=\"lazy\" decoding=\"async\" src=\"https:\/\/bazarbelehradska.cz\/wp-content\/uploads\/2022\/09\/IMG_2536-150x150.png\" sizes=\"auto, (max-width: 150px) 100vw, 150px\" srcset=\"https:\/\/bazarbelehradska.cz\/wp-content\/uploads\/2022\/09\/IMG_2536-150x150.png 150w, https:\/\/bazarbelehradska.cz\/wp-content\/uploads\/2022\/09\/IMG_2536-450x450.png 450w, https:\/\/bazarbelehradska.cz\/wp-content\/uploads\/2022\/09\/IMG_2536-100x100.png 100w, https:\/\/bazarbelehradska.cz\/wp-content\/uploads\/2022\/09\/IMG_2536-300x300.png 300w\" alt=\"\" width=\"150\" height=\"150\" \/><\/p>\n<h3 style=\"text-align: center;\"><strong>Aut\u00ed\u010dka<\/strong><\/h3>\n<p><img loading=\"lazy\" decoding=\"async\" src=\"https:\/\/bazarbelehradska.cz\/wp-content\/uploads\/2022\/09\/IMG_2682-150x150.png\" sizes=\"auto, (max-width: 150px) 100vw, 150px\" srcset=\"https:\/\/bazarbelehradska.cz\/wp-content\/uploads\/2022\/09\/IMG_2682-150x150.png 150w, https:\/\/bazarbelehradska.cz\/wp-content\/uploads\/2022\/09\/IMG_2682-450x450.png 450w, https:\/\/bazarbelehradska.cz\/wp-content\/uploads\/2022\/09\/IMG_2682-100x100.png 100w\" alt=\"\" width=\"150\" height=\"150\" \/><\/p>\n<h3 style=\"text-align: center;\"><strong>Televize<\/strong><\/h3>\n","protected":false},"excerpt":{"rendered":"<p>Bazar B\u011blehradsk\u00e1 tel: 602 336 324 Pond\u011bl\u00ed &#8211; P\u00e1tek 10:00 &#8211; 13:00 a 14:00 -18:00 hod sobota &#8211; ned\u011ble ZAV\u0158ENO Kategorie Hodinky No\u017ee Hry Elektronika Aut\u00ed\u010dka Televize<\/p>\n","protected":false},"author":3,"featured_media":3630,"parent":0,"menu_order":0,"comment_status":"closed","ping_status":"closed","template":"","meta":{"footnotes":""},"class_list":["post-10","page","type-page","status-publish","has-post-thumbnail","hentry"],"_links":{"self":[{"href":"https:\/\/bazarbelehradska.cz\/index.php?rest_route=\/wp\/v2\/pages\/10","targetHints":{"allow":["GET"]}}],"collection":[{"href":"https:\/\/bazarbelehradska.cz\/index.php?rest_route=\/wp\/v2\/pages"}],"about":[{"href":"https:\/\/bazarbelehradska.cz\/index.php?rest_route=\/wp\/v2\/types\/page"}],"author":[{"embeddable":true,"href":"https:\/\/bazarbelehradska.cz\/index.php?rest_route=\/wp\/v2\/users\/3"}],"replies":[{"embeddable":true,"href":"https:\/\/bazarbelehradska.cz\/index.php?rest_route=%2Fwp%2Fv2%2Fcomments&post=10"}],"version-history":[{"count":197,"href":"https:\/\/bazarbelehradska.cz\/index.php?rest_route=\/wp\/v2\/pages\/10\/revisions"}],"predecessor-version":[{"id":3945,"href":"https:\/\/bazarbelehradska.cz\/index.php?rest_route=\/wp\/v2\/pages\/10\/revisions\/3945"}],"wp:featuredmedia":[{"embeddable":true,"href":"https:\/\/bazarbelehradska.cz\/index.php?rest_route=\/wp\/v2\/media\/3630"}],"wp:attachment":[{"href":"https:\/\/bazarbelehradska.cz\/index.php?rest_route=%2Fwp%2Fv2%2Fmedia&parent=10"}],"curies":[{"name":"wp","href":"https:\/\/api.w.org\/{rel}","templated":true}]}}