{"id":3879,"date":"2022-11-29T14:17:22","date_gmt":"2022-11-29T12:17:22","guid":{"rendered":"https:\/\/bazarbelehradska.cz\/?page_id=3879"},"modified":"2024-03-15T18:21:56","modified_gmt":"2024-03-15T16:21:56","slug":"oteviraci-doba","status":"publish","type":"page","link":"https:\/\/bazarbelehradska.cz\/?page_id=3879","title":{"rendered":"Otev\u00edrac\u00ed doba"},"content":{"rendered":"<style>\/*! elementor - v3.8.1 - 13-11-2022 *\/<br \/>\n.elementor-heading-title{padding:0;margin:0;line-height:1}.elementor-widget-heading .elementor-heading-title[class*=elementor-size-]>a{color:inherit;font-size:inherit;line-height:inherit}.elementor-widget-heading .elementor-heading-title.elementor-size-small{font-size:15px}.elementor-widget-heading .elementor-heading-title.elementor-size-medium{font-size:19px}.elementor-widget-heading .elementor-heading-title.elementor-size-large{font-size:29px}.elementor-widget-heading .elementor-heading-title.elementor-size-xl{font-size:39px}.elementor-widget-heading .elementor-heading-title.elementor-size-xxl{font-size:59px}<\/style>\n<h1>Provozn\u00ed doba<\/h1>\n<h1><\/h1>\n<style>\/*! elementor - v3.8.1 - 13-11-2022 *\/<br \/>\n.elementor-widget-divider{--divider-border-style:none;--divider-border-width:1px;--divider-color:#2c2c2c;--divider-icon-size:20px;--divider-element-spacing:10px;--divider-pattern-height:24px;--divider-pattern-size:20px;--divider-pattern-url:none;--divider-pattern-repeat:repeat-x}.elementor-widget-divider .elementor-divider{display:-webkit-box;display:-ms-flexbox;display:flex}.elementor-widget-divider .elementor-divider__text{font-size:15px;line-height:1;max-width:95%}.elementor-widget-divider .elementor-divider__element{margin:0 var(--divider-element-spacing);-ms-flex-negative:0;flex-shrink:0}.elementor-widget-divider .elementor-icon{font-size:var(--divider-icon-size)}.elementor-widget-divider .elementor-divider-separator{display:-webkit-box;display:-ms-flexbox;display:flex;margin:0;direction:ltr}.elementor-widget-divider--view-line_icon .elementor-divider-separator,.elementor-widget-divider--view-line_text .elementor-divider-separator{-webkit-box-align:center;-ms-flex-align:center;align-items:center}.elementor-widget-divider--view-line_icon .elementor-divider-separator:after,.elementor-widget-divider--view-line_icon .elementor-divider-separator:before,.elementor-widget-divider--view-line_text .elementor-divider-separator:after,.elementor-widget-divider--view-line_text .elementor-divider-separator:before{display:block;content:\"\";border-bottom:0;-webkit-box-flex:1;-ms-flex-positive:1;flex-grow:1;border-top:var(--divider-border-width) var(--divider-border-style) var(--divider-color)}.elementor-widget-divider--element-align-left .elementor-divider .elementor-divider-separator>.elementor-divider__svg:first-of-type{-webkit-box-flex:0;-ms-flex-positive:0;flex-grow:0;-ms-flex-negative:100;flex-shrink:100}.elementor-widget-divider--element-align-left .elementor-divider-separator:before{content:none}.elementor-widget-divider--element-align-left .elementor-divider__element{margin-left:0}.elementor-widget-divider--element-align-right .elementor-divider .elementor-divider-separator>.elementor-divider__svg:last-of-type{-webkit-box-flex:0;-ms-flex-positive:0;flex-grow:0;-ms-flex-negative:100;flex-shrink:100}.elementor-widget-divider--element-align-right .elementor-divider-separator:after{content:none}.elementor-widget-divider--element-align-right .elementor-divider__element{margin-right:0}.elementor-widget-divider:not(.elementor-widget-divider--view-line_text):not(.elementor-widget-divider--view-line_icon) .elementor-divider-separator{border-top:var(--divider-border-width) var(--divider-border-style) var(--divider-color)}.elementor-widget-divider--separator-type-pattern{--divider-border-style:none}.elementor-widget-divider--separator-type-pattern.elementor-widget-divider--view-line .elementor-divider-separator,.elementor-widget-divider--separator-type-pattern:not(.elementor-widget-divider--view-line) .elementor-divider-separator:after,.elementor-widget-divider--separator-type-pattern:not(.elementor-widget-divider--view-line) .elementor-divider-separator:before,.elementor-widget-divider--separator-type-pattern:not([class*=elementor-widget-divider--view]) .elementor-divider-separator{width:100%;min-height:var(--divider-pattern-height);-webkit-mask-size:var(--divider-pattern-size) 100%;mask-size:var(--divider-pattern-size) 100%;-webkit-mask-repeat:var(--divider-pattern-repeat);mask-repeat:var(--divider-pattern-repeat);background-color:var(--divider-color);-webkit-mask-image:var(--divider-pattern-url);mask-image:var(--divider-pattern-url)}.elementor-widget-divider--no-spacing{--divider-pattern-size:auto}.elementor-widget-divider--bg-round{--divider-pattern-repeat:round}.rtl .elementor-widget-divider .elementor-divider__text{direction:rtl}.e-con-inner>.elementor-widget-divider,.e-con>.elementor-widget-divider{width:var(--container-widget-width,100%)}<\/style>\n<h2 style=\"text-align: center;\">pond\u011bl\u00ed &#8211; p\u00e1tek<br \/>\n10:00 &#8211; 18:00 hod<\/h2>\n<h2 style=\"text-align: center;\">sobota &#8211; ned\u011ble<br \/>\nZAV\u0158ENO<\/h2>\n<style>\/*! elementor - v3.8.1 - 13-11-2022 *\/<br \/>\n.elementor-widget-google_maps .elementor-widget-container{overflow:hidden}.elementor-widget-google_maps iframe{height:300px}<\/style>\n<p><iframe title=\"Bazar b\u011blehradsk\u00e1\" src=\"https:\/\/maps.google.com\/maps?q=Bazar%20b%C4%9Blehradsk%C3%A1&amp;t=m&amp;z=18&amp;output=embed&amp;iwloc=near\" frameborder=\"0\" marginwidth=\"0\" marginheight=\"0\" scrolling=\"no\" aria-label=\"Bazar b\u011blehradsk\u00e1\"><\/iframe><\/p>\n","protected":false},"excerpt":{"rendered":"<p>Provozn\u00ed doba pond\u011bl\u00ed &#8211; p\u00e1tek 10:00 &#8211; 18:00 hod sobota &#8211; ned\u011ble ZAV\u0158ENO<\/p>\n","protected":false},"author":3,"featured_media":0,"parent":0,"menu_order":0,"comment_status":"closed","ping_status":"closed","template":"","meta":{"footnotes":""},"class_list":["post-3879","page","type-page","status-publish","hentry"],"_links":{"self":[{"href":"https:\/\/bazarbelehradska.cz\/index.php?rest_route=\/wp\/v2\/pages\/3879","targetHints":{"allow":["GET"]}}],"collection":[{"href":"https:\/\/bazarbelehradska.cz\/index.php?rest_route=\/wp\/v2\/pages"}],"about":[{"href":"https:\/\/bazarbelehradska.cz\/index.php?rest_route=\/wp\/v2\/types\/page"}],"author":[{"embeddable":true,"href":"https:\/\/bazarbelehradska.cz\/index.php?rest_route=\/wp\/v2\/users\/3"}],"replies":[{"embeddable":true,"href":"https:\/\/bazarbelehradska.cz\/index.php?rest_route=%2Fwp%2Fv2%2Fcomments&post=3879"}],"version-history":[{"count":11,"href":"https:\/\/bazarbelehradska.cz\/index.php?rest_route=\/wp\/v2\/pages\/3879\/revisions"}],"predecessor-version":[{"id":3931,"href":"https:\/\/bazarbelehradska.cz\/index.php?rest_route=\/wp\/v2\/pages\/3879\/revisions\/3931"}],"wp:attachment":[{"href":"https:\/\/bazarbelehradska.cz\/index.php?rest_route=%2Fwp%2Fv2%2Fmedia&parent=3879"}],"curies":[{"name":"wp","href":"https:\/\/api.w.org\/{rel}","templated":true}]}}