{"id":43,"date":"2017-12-17T10:06:43","date_gmt":"2017-12-17T10:06:43","guid":{"rendered":"https:\/\/bazarbelehradska.cz\/?page_id=43"},"modified":"2022-11-29T14:53:10","modified_gmt":"2022-11-29T12:53:10","slug":"about","status":"publish","type":"page","link":"https:\/\/bazarbelehradska.cz\/?page_id=43","title":{"rendered":"O n\u00e1s"},"content":{"rendered":"<style>\/*! elementor - v3.8.1 - 13-11-2022 *\/\n.elementor-heading-title{padding:0;margin:0;line-height:1}.elementor-widget-heading .elementor-heading-title[class*=elementor-size-]>a{color:inherit;font-size:inherit;line-height:inherit}.elementor-widget-heading .elementor-heading-title.elementor-size-small{font-size:15px}.elementor-widget-heading .elementor-heading-title.elementor-size-medium{font-size:19px}.elementor-widget-heading .elementor-heading-title.elementor-size-large{font-size:29px}.elementor-widget-heading .elementor-heading-title.elementor-size-xl{font-size:39px}.elementor-widget-heading .elementor-heading-title.elementor-size-xxl{font-size:59px}<\/style>\n<h1>Kdo jsme?<\/h1>\n<h2>\u010cast\u00e9 ot\u00e1zky<\/h2>\n<style>\/*! elementor - v3.8.1 - 13-11-2022 *\/\n.elementor-widget-divider{--divider-border-style:none;--divider-border-width:1px;--divider-color:#2c2c2c;--divider-icon-size:20px;--divider-element-spacing:10px;--divider-pattern-height:24px;--divider-pattern-size:20px;--divider-pattern-url:none;--divider-pattern-repeat:repeat-x}.elementor-widget-divider .elementor-divider{display:-webkit-box;display:-ms-flexbox;display:flex}.elementor-widget-divider .elementor-divider__text{font-size:15px;line-height:1;max-width:95%}.elementor-widget-divider .elementor-divider__element{margin:0 var(--divider-element-spacing);-ms-flex-negative:0;flex-shrink:0}.elementor-widget-divider .elementor-icon{font-size:var(--divider-icon-size)}.elementor-widget-divider .elementor-divider-separator{display:-webkit-box;display:-ms-flexbox;display:flex;margin:0;direction:ltr}.elementor-widget-divider--view-line_icon .elementor-divider-separator,.elementor-widget-divider--view-line_text .elementor-divider-separator{-webkit-box-align:center;-ms-flex-align:center;align-items:center}.elementor-widget-divider--view-line_icon .elementor-divider-separator:after,.elementor-widget-divider--view-line_icon .elementor-divider-separator:before,.elementor-widget-divider--view-line_text .elementor-divider-separator:after,.elementor-widget-divider--view-line_text .elementor-divider-separator:before{display:block;content:\"\";border-bottom:0;-webkit-box-flex:1;-ms-flex-positive:1;flex-grow:1;border-top:var(--divider-border-width) var(--divider-border-style) var(--divider-color)}.elementor-widget-divider--element-align-left .elementor-divider .elementor-divider-separator>.elementor-divider__svg:first-of-type{-webkit-box-flex:0;-ms-flex-positive:0;flex-grow:0;-ms-flex-negative:100;flex-shrink:100}.elementor-widget-divider--element-align-left .elementor-divider-separator:before{content:none}.elementor-widget-divider--element-align-left .elementor-divider__element{margin-left:0}.elementor-widget-divider--element-align-right .elementor-divider .elementor-divider-separator>.elementor-divider__svg:last-of-type{-webkit-box-flex:0;-ms-flex-positive:0;flex-grow:0;-ms-flex-negative:100;flex-shrink:100}.elementor-widget-divider--element-align-right .elementor-divider-separator:after{content:none}.elementor-widget-divider--element-align-right .elementor-divider__element{margin-right:0}.elementor-widget-divider:not(.elementor-widget-divider--view-line_text):not(.elementor-widget-divider--view-line_icon) .elementor-divider-separator{border-top:var(--divider-border-width) var(--divider-border-style) var(--divider-color)}.elementor-widget-divider--separator-type-pattern{--divider-border-style:none}.elementor-widget-divider--separator-type-pattern.elementor-widget-divider--view-line .elementor-divider-separator,.elementor-widget-divider--separator-type-pattern:not(.elementor-widget-divider--view-line) .elementor-divider-separator:after,.elementor-widget-divider--separator-type-pattern:not(.elementor-widget-divider--view-line) .elementor-divider-separator:before,.elementor-widget-divider--separator-type-pattern:not([class*=elementor-widget-divider--view]) .elementor-divider-separator{width:100%;min-height:var(--divider-pattern-height);-webkit-mask-size:var(--divider-pattern-size) 100%;mask-size:var(--divider-pattern-size) 100%;-webkit-mask-repeat:var(--divider-pattern-repeat);mask-repeat:var(--divider-pattern-repeat);background-color:var(--divider-color);-webkit-mask-image:var(--divider-pattern-url);mask-image:var(--divider-pattern-url)}.elementor-widget-divider--no-spacing{--divider-pattern-size:auto}.elementor-widget-divider--bg-round{--divider-pattern-repeat:round}.rtl .elementor-widget-divider .elementor-divider__text{direction:rtl}.e-con-inner>.elementor-widget-divider,.e-con>.elementor-widget-divider{width:var(--container-widget-width,100%)}<\/style>\n<ul>\n<li>\n<h4>NA CO SE ZAM\u011a\u0158UJEME?<br \/>N\u00e1\u0161 bazar je s v\u00e1mi ji\u017e p\u0159es 20 let. Za tu dobu se n\u00e1m poda\u0159ilo p\u0159es tis\u00edce spokojen\u00fdch\u00a0v\u00fdkup\u016f, z\u00e1stav a prodej\u016f. Zakl\u00e1d\u00e1me si na f\u00e9rov\u00e9m a lidsk\u00e9m jedn\u00e1n\u00ed.<\/h4>\n<\/li>\n<li>\n<h4>JAK TO FUNGUJE?<br \/>Tyto webov\u00e9 str\u00e1nky funguj\u00ed jako rezerva\u010dn\u00ed port\u00e1l a umo\u017en\u00ed V\u00e1m si produkt prohl\u00e9dnout a zamluvit na 5 pracovn\u00edch dn\u00ed v na\u0161\u00ed kamenn\u00e9 prodejn\u011b a to zcela ZDARMA.<\/h4>\n<\/li>\n<\/ul>\n<h2>Kontaktn\u00ed \u00fadaje<\/h2>\n<link rel=\"stylesheet\" href=\"https:\/\/bazarbelehradska.cz\/wp-content\/plugins\/elementor\/assets\/css\/widget-icon-list.min.css\">\n<ul>\n<li>\n\t\t\t\t\t\t\t\t\t\t 261 211 555\n\t\t\t\t\t\t\t\t\t<\/li>\n<li>\n\t\t\t\t\t\t\t\t\t\t602 336 324\n\t\t\t\t\t\t\t\t\t<\/li>\n<li>\n\t\t\t\t\t\t\t\t\t\tB\u011blehradsk\u00e1 3\/191, Praha-4, 140 00\n\t\t\t\t\t\t\t\t\t<\/li>\n<li>\n\t\t\t\t\t\t\t\t\t\t bazarbelehradska@seznam.cz\n\t\t\t\t\t\t\t\t\t<\/li>\n<\/ul>\n<p><strong>S\u00eddlo firmy:<\/strong><br \/>Syspix s.r.o. B\u011blehradsk\u00e1 53\/306, Praha-2, 120 00<br \/>I\u010cO: 24198749<\/p>\n","protected":false},"excerpt":{"rendered":"<p>Kdo jsme? \u010cast\u00e9 ot\u00e1zky NA CO SE ZAM\u011a\u0158UJEME?N\u00e1\u0161 bazar je s v\u00e1mi ji\u017e p\u0159es 20 let. Za tu dobu se n\u00e1m poda\u0159ilo p\u0159es tis\u00edce spokojen\u00fdch\u00a0v\u00fdkup\u016f, z\u00e1stav a prodej\u016f. Zakl\u00e1d\u00e1me si na f\u00e9rov\u00e9m a lidsk\u00e9m jedn\u00e1n\u00ed. JAK TO FUNGUJE?Tyto webov\u00e9 str\u00e1nky funguj\u00ed jako rezerva\u010dn\u00ed port\u00e1l a umo\u017en\u00ed V\u00e1m si produkt prohl\u00e9dnout a zamluvit na 5 pracovn\u00edch [&hellip;]<\/p>\n","protected":false},"author":3,"featured_media":0,"parent":0,"menu_order":0,"comment_status":"closed","ping_status":"closed","template":"","meta":{"footnotes":""},"class_list":["post-43","page","type-page","status-publish","hentry"],"_links":{"self":[{"href":"https:\/\/bazarbelehradska.cz\/index.php?rest_route=\/wp\/v2\/pages\/43","targetHints":{"allow":["GET"]}}],"collection":[{"href":"https:\/\/bazarbelehradska.cz\/index.php?rest_route=\/wp\/v2\/pages"}],"about":[{"href":"https:\/\/bazarbelehradska.cz\/index.php?rest_route=\/wp\/v2\/types\/page"}],"author":[{"embeddable":true,"href":"https:\/\/bazarbelehradska.cz\/index.php?rest_route=\/wp\/v2\/users\/3"}],"replies":[{"embeddable":true,"href":"https:\/\/bazarbelehradska.cz\/index.php?rest_route=%2Fwp%2Fv2%2Fcomments&post=43"}],"version-history":[{"count":28,"href":"https:\/\/bazarbelehradska.cz\/index.php?rest_route=\/wp\/v2\/pages\/43\/revisions"}],"predecessor-version":[{"id":3895,"href":"https:\/\/bazarbelehradska.cz\/index.php?rest_route=\/wp\/v2\/pages\/43\/revisions\/3895"}],"wp:attachment":[{"href":"https:\/\/bazarbelehradska.cz\/index.php?rest_route=%2Fwp%2Fv2%2Fmedia&parent=43"}],"curies":[{"name":"wp","href":"https:\/\/api.w.org\/{rel}","templated":true}]}}